{"id":99,"date":"2010-10-13T15:36:16","date_gmt":"2010-10-13T13:36:16","guid":{"rendered":"http:\/\/www.merceriaelsiglo.es\/blog\/"},"modified":"2022-10-28T12:38:03","modified_gmt":"2022-10-28T10:38:03","slug":"donde-estamos","status":"publish","type":"page","link":"https:\/\/www.merceriaelsiglo.es\/tienda\/blog\/donde-estamos\/","title":{"rendered":"D\u00f3nde estamos"},"content":{"rendered":"<h2>Mercer\u00eda El Siglo<\/h2>\n<p>La tienda f\u00edsica de Mercer\u00eda El Siglo la puedes encontrar regentada por la misma familia desde hace casi 60 a\u00f1os en:<\/p>\n<p>C\/ Cortes de Arag\u00f3n 46, local. (Esquina con L\u00f3pez Allu\u00e9)<\/p>\n<p>Zaragoza. (Espa\u00f1a)<\/p>\n<p><iframe loading=\"lazy\" src=\"http:\/\/maps.google.es\/maps?f=q&amp;source=s_q&amp;hl=es&amp;geocode=&amp;q=merceria+el+siglo,+zaragoza&amp;sll=40.396764,-3.713379&amp;sspn=7.227682,19.753418&amp;ie=UTF8&amp;hq=merceria+el+siglo,&amp;hnear=Zaragoza,+Arag%C3%B3n&amp;t=h&amp;cid=217446630245991025&amp;ll=41.652585,-0.89015&amp;spn=0.022446,0.036478&amp;z=14&amp;iwloc=A&amp;output=embed\" width=\"425\" height=\"350\" frameborder=\"0\" marginwidth=\"0\" marginheight=\"0\" scrolling=\"no\"><\/iframe><br \/>\n<small><a style=\"color: #0000ff; text-align: left;\" href=\"http:\/\/maps.google.es\/maps?f=q&amp;source=embed&amp;hl=es&amp;geocode=&amp;q=merceria+el+siglo,+zaragoza&amp;sll=40.396764,-3.713379&amp;sspn=7.227682,19.753418&amp;ie=UTF8&amp;hq=merceria+el+siglo,&amp;hnear=Zaragoza,+Arag%C3%B3n&amp;t=h&amp;cid=217446630245991025&amp;ll=41.652585,-0.89015&amp;spn=0.022446,0.036478&amp;z=14&amp;iwloc=A\">Ver mapa m\u00e1s grande<\/a><\/small><\/p>\n<p>Pero tambi\u00e9n puedes encontrarme y contactar conmigo a trav\u00e9s de mis redes sociales:<\/p>\n<ul>\n<li><span style=\"color: #3366ff;\"><a style=\"color: #3366ff;\" href=\"https:\/\/www.instagram.com\/merceriaelsiglo\/\">Instagram<\/a><\/span><\/li>\n<li><span style=\"color: #3366ff;\"><a style=\"color: #3366ff;\" href=\"https:\/\/www.facebook.com\/elsiglomerceria\">Facebook<\/a><\/span><\/li>\n<li><span style=\"color: #3366ff;\"><a style=\"color: #3366ff;\" href=\"https:\/\/www.youtube.com\/channel\/UCWyheD0nbilD0Mr6PU7jnPQ\">Youtube<\/a><\/span><\/li>\n<li><span style=\"color: #3366ff;\"><a style=\"color: #3366ff;\" href=\"https:\/\/www.linkedin.com\/company\/mercer%C3%ADa-el-siglo\/\">Linkedin<\/a><\/span><\/li>\n<li><span style=\"color: #3366ff;\"><a style=\"color: #3366ff;\" href=\"https:\/\/g.page\/merceriaelsiglo?share\">Google Maps<\/a><\/span><\/li>\n<\/ul>\n<!-- AddThis Advanced Settings generic via filter on the_content --><!-- AddThis Share Buttons generic via filter on the_content -->","protected":false},"excerpt":{"rendered":"<p>Mercer\u00eda El Siglo La tienda f\u00edsica de Mercer\u00eda El Siglo la puedes encontrar regentada por la misma familia desde hace casi 60 a\u00f1os en: C\/ Cortes de Arag\u00f3n 46, local. (Esquina con L\u00f3pez Allu\u00e9) Zaragoza. (Espa\u00f1a) Ver mapa m\u00e1s grande Pero tambi\u00e9n puedes encontrarme y contactar conmigo a trav\u00e9s de mis redes sociales: Instagram Facebook [&hellip;]<!-- AddThis Advanced Settings generic via filter on get_the_excerpt --><!-- AddThis Share Buttons generic via filter on get_the_excerpt --><\/p>\n","protected":false},"author":1,"featured_media":0,"parent":0,"menu_order":0,"comment_status":"open","ping_status":"open","template":"","meta":{"ngg_post_thumbnail":0},"_links":{"self":[{"href":"https:\/\/www.merceriaelsiglo.es\/tienda\/blog\/wp-json\/wp\/v2\/pages\/99"}],"collection":[{"href":"https:\/\/www.merceriaelsiglo.es\/tienda\/blog\/wp-json\/wp\/v2\/pages"}],"about":[{"href":"https:\/\/www.merceriaelsiglo.es\/tienda\/blog\/wp-json\/wp\/v2\/types\/page"}],"author":[{"embeddable":true,"href":"https:\/\/www.merceriaelsiglo.es\/tienda\/blog\/wp-json\/wp\/v2\/users\/1"}],"replies":[{"embeddable":true,"href":"https:\/\/www.merceriaelsiglo.es\/tienda\/blog\/wp-json\/wp\/v2\/comments?post=99"}],"version-history":[{"count":9,"href":"https:\/\/www.merceriaelsiglo.es\/tienda\/blog\/wp-json\/wp\/v2\/pages\/99\/revisions"}],"predecessor-version":[{"id":2071,"href":"https:\/\/www.merceriaelsiglo.es\/tienda\/blog\/wp-json\/wp\/v2\/pages\/99\/revisions\/2071"}],"wp:attachment":[{"href":"https:\/\/www.merceriaelsiglo.es\/tienda\/blog\/wp-json\/wp\/v2\/media?parent=99"}],"curies":[{"name":"wp","href":"https:\/\/api.w.org\/{rel}","templated":true}]}}