{"id":97,"date":"2010-10-13T15:36:05","date_gmt":"2010-10-13T13:36:05","guid":{"rendered":"http:\/\/www.merceriaelsiglo.es\/blog\/"},"modified":"2022-11-09T16:47:09","modified_gmt":"2022-11-09T14:47:09","slug":"sala-de-prensa","status":"publish","type":"page","link":"https:\/\/www.merceriaelsiglo.es\/tienda\/blog\/sala-de-prensa\/","title":{"rendered":"Sala de Prensa"},"content":{"rendered":"\n<p>Pocas tiendas de nuestro gremio en Zaragoza tienen la historia que tiene Mercer\u00eda el Siglo  y si esto lo sumamos a que el mundo de la mercer\u00eda va a menos y  que estamos en peligro de extinci\u00f3n, es normal que la prensa se interese por nuestros huesos \ud83d\ude09<\/p>\n\n\n\n<p>En estos \u00faltimos a\u00f1os, ha habido muchas ocasiones en las que hemos aparecido en los medio y siempre, siempre, siempre, nos hace la misma ilusi\u00f3n que la primera vez que aparecimos.<\/p>\n\n\n\n<p>Si eres nuestro cliente o quieres saber m\u00e1s sobre Mercer\u00eda El Siglo de una forma m\u00e1s divertida \u00e9chale un ojo a nuestra Sala de Prensa y si eres periodista, ponte en contacto conmigo y te cuento.<\/p>\n\n\n\n<figure class=\"wp-block-image aligncenter size-full is-resized\"><a href=\"http:\/\/www.merceriaelsiglo.es\/tienda\/blog\/wp-content\/uploads\/2022\/10\/prensa-2.png\"><img decoding=\"async\" loading=\"lazy\" src=\"http:\/\/www.merceriaelsiglo.es\/tienda\/blog\/wp-content\/uploads\/2022\/10\/prensa-2.png\" alt=\"\" class=\"wp-image-2076\" width=\"321\" height=\"262\"\/><\/a><figcaption><a href=\"http:\/\/www.merceriaelsiglo.es\/tienda\/blog\/category\/sala-de-prensa\/\">SECCI\u00d3N SALA DE PRENSA DE MERCER\u00cdA EL SIGLO<\/a><\/figcaption><\/figure>\n<!-- AddThis Advanced Settings generic via filter on the_content --><!-- AddThis Share Buttons generic via filter on the_content -->","protected":false},"excerpt":{"rendered":"<p>Pocas tiendas de nuestro gremio en Zaragoza tienen la historia que tiene Mercer\u00eda el Siglo y si esto lo sumamos a que el mundo de la mercer\u00eda va a menos y que estamos en peligro de extinci\u00f3n, es normal que la prensa se interese por nuestros huesos \ud83d\ude09 En estos \u00faltimos a\u00f1os, ha habido muchas [&hellip;]<!-- AddThis Advanced Settings generic via filter on get_the_excerpt --><!-- AddThis Share Buttons generic via filter on get_the_excerpt --><\/p>\n","protected":false},"author":1,"featured_media":0,"parent":0,"menu_order":0,"comment_status":"open","ping_status":"open","template":"","meta":{"ngg_post_thumbnail":0},"_links":{"self":[{"href":"https:\/\/www.merceriaelsiglo.es\/tienda\/blog\/wp-json\/wp\/v2\/pages\/97"}],"collection":[{"href":"https:\/\/www.merceriaelsiglo.es\/tienda\/blog\/wp-json\/wp\/v2\/pages"}],"about":[{"href":"https:\/\/www.merceriaelsiglo.es\/tienda\/blog\/wp-json\/wp\/v2\/types\/page"}],"author":[{"embeddable":true,"href":"https:\/\/www.merceriaelsiglo.es\/tienda\/blog\/wp-json\/wp\/v2\/users\/1"}],"replies":[{"embeddable":true,"href":"https:\/\/www.merceriaelsiglo.es\/tienda\/blog\/wp-json\/wp\/v2\/comments?post=97"}],"version-history":[{"count":9,"href":"https:\/\/www.merceriaelsiglo.es\/tienda\/blog\/wp-json\/wp\/v2\/pages\/97\/revisions"}],"predecessor-version":[{"id":2114,"href":"https:\/\/www.merceriaelsiglo.es\/tienda\/blog\/wp-json\/wp\/v2\/pages\/97\/revisions\/2114"}],"wp:attachment":[{"href":"https:\/\/www.merceriaelsiglo.es\/tienda\/blog\/wp-json\/wp\/v2\/media?parent=97"}],"curies":[{"name":"wp","href":"https:\/\/api.w.org\/{rel}","templated":true}]}}