{"id":500,"date":"2012-03-14T14:26:28","date_gmt":"2012-03-14T12:26:28","guid":{"rendered":"http:\/\/www.merceriaelsiglo.es\/?page_id=500"},"modified":"2022-10-28T14:32:05","modified_gmt":"2022-10-28T12:32:05","slug":"catalogos-merceria-el-siglo","status":"publish","type":"page","link":"https:\/\/www.merceriaelsiglo.es\/tienda\/blog\/catalogos-merceria-el-siglo\/","title":{"rendered":"Cat\u00e1logos"},"content":{"rendered":"\n<p>Para que te hagas una idea de las cositas que tenemos en Mercer\u00eda el Siglo, puedes ver en el siguiente enlace una muestra de nuestros art\u00edculos por metros.<\/p>\n\n\n\n<ul><li>Cat\u00e1logo Valenci\u00e9<\/li><\/ul>\n\n\n\n<ul class=\"has-small-font-size\"><li>Tiras Bordadas<\/li><\/ul>\n\n\n\n<ul><li>Puntillas de Bolillo<\/li><\/ul>\n\n\n\n<ul><li>Pasamaner\u00edas<\/li><\/ul>\n\n\n\n<ul><li>Cat\u00e1logo Fantas\u00edas<\/li><\/ul>\n\n\n\n<ul><li>Bies y Pasamaner\u00eda Invierno<\/li><\/ul>\n\n\n\n<p>Estos cat\u00e1logos, son una entidad viva que va cambiando con el tiempo para adaptarse a las modas, los gustos de nuestros clientes o sus necesidades.<\/p>\n\n\n\n<p>Puede que cuando vengas a la tienda no encuentres exactamente lo que has visto aqu\u00ed, pero algo parecido seguro que s\u00ed.<\/p>\n\n\n\n<p>Puedes ver tambi\u00e9n todos los cat\u00e1logos desde:<br><a href=\"http:\/\/issuu.com\/merceriaelsiglo\/docs\" target=\"_blank\" rel=\"noreferrer noopener\">http:\/\/issuu.com\/merceriaelsiglo\/docs<\/a><\/p>\n\n\n\n<p>Espero que te guste<\/p>\n\n\n\n<p><\/p>\n<!-- AddThis Advanced Settings generic via filter on the_content --><!-- AddThis Share Buttons generic via filter on the_content -->","protected":false},"excerpt":{"rendered":"<p>Para que te hagas una idea de las cositas que tenemos en Mercer\u00eda el Siglo, puedes ver en el siguiente enlace una muestra de nuestros art\u00edculos por metros. Cat\u00e1logo Valenci\u00e9 Tiras Bordadas Puntillas de Bolillo Pasamaner\u00edas Cat\u00e1logo Fantas\u00edas Bies y Pasamaner\u00eda Invierno Estos cat\u00e1logos, son una entidad viva que va cambiando con el tiempo para [&hellip;]<!-- AddThis Advanced Settings generic via filter on get_the_excerpt --><!-- AddThis Share Buttons generic via filter on get_the_excerpt --><\/p>\n","protected":false},"author":1,"featured_media":0,"parent":0,"menu_order":0,"comment_status":"open","ping_status":"open","template":"","meta":{"ngg_post_thumbnail":0},"_links":{"self":[{"href":"https:\/\/www.merceriaelsiglo.es\/tienda\/blog\/wp-json\/wp\/v2\/pages\/500"}],"collection":[{"href":"https:\/\/www.merceriaelsiglo.es\/tienda\/blog\/wp-json\/wp\/v2\/pages"}],"about":[{"href":"https:\/\/www.merceriaelsiglo.es\/tienda\/blog\/wp-json\/wp\/v2\/types\/page"}],"author":[{"embeddable":true,"href":"https:\/\/www.merceriaelsiglo.es\/tienda\/blog\/wp-json\/wp\/v2\/users\/1"}],"replies":[{"embeddable":true,"href":"https:\/\/www.merceriaelsiglo.es\/tienda\/blog\/wp-json\/wp\/v2\/comments?post=500"}],"version-history":[{"count":11,"href":"https:\/\/www.merceriaelsiglo.es\/tienda\/blog\/wp-json\/wp\/v2\/pages\/500\/revisions"}],"predecessor-version":[{"id":2066,"href":"https:\/\/www.merceriaelsiglo.es\/tienda\/blog\/wp-json\/wp\/v2\/pages\/500\/revisions\/2066"}],"wp:attachment":[{"href":"https:\/\/www.merceriaelsiglo.es\/tienda\/blog\/wp-json\/wp\/v2\/media?parent=500"}],"curies":[{"name":"wp","href":"https:\/\/api.w.org\/{rel}","templated":true}]}}